{"id":1348,"date":"2019-04-11T22:36:00","date_gmt":"2019-04-11T20:36:00","guid":{"rendered":"https:\/\/robert-b.fr\/?page_id=1348"},"modified":"2019-04-11T22:36:00","modified_gmt":"2019-04-11T20:36:00","slug":"contact-experts-evolution-avocats","status":"publish","type":"page","link":"https:\/\/tech-my.biz\/robert-b\/contact-experts-evolution-avocats\/","title":{"rendered":"Contact"},"content":{"rendered":"\n<style type=\"text\/css\" data-created_by=\"avia_inline_auto\" id=\"style-css-av-jsrwlgyn-6d311cec5776cfaa2bfaa65812b824d8\">\n#top .hr.hr-invisible.av-jsrwlgyn-6d311cec5776cfaa2bfaa65812b824d8{\nheight:20px;\n}\n<\/style>\n<div  class='hr av-jsrwlgyn-6d311cec5776cfaa2bfaa65812b824d8 hr-invisible  avia-builder-el-0  el_before_av_section  avia-builder-el-no-sibling  av-desktop-hide av-medium-hide'><span class='hr-inner '><span class=\"hr-inner-style\"><\/span><\/span><\/div>\n<\/div><\/div><\/div><!-- close content main div --><\/div><\/div><div id='contact'  class='avia-section av-5bpo9v-77641e7da7a5590cd1fadb84107e9038 main_color avia-section-default avia-no-border-styling  avia-builder-el-1  el_after_av_hr  avia-builder-el-last  avia-bg-style-scroll av-minimum-height av-minimum-height-75 av-height-75  container_wrap fullsize'   data-av_minimum_height_pc='75' data-av_min_height_opt='75'><div class='container av-section-cont-open' ><div class='template-page content  av-content-full alpha units'><div class='post-entry post-entry-type-page post-entry-1348'><div class='entry-content-wrapper clearfix'>\n\n<style type=\"text\/css\" data-created_by=\"avia_inline_auto\" id=\"style-css-av-11dl2-0523331618d6ee3315d75812d5d36976\">\n.flex_column.av-11dl2-0523331618d6ee3315d75812d5d36976{\nborder-radius:0px 0px 0px 0px;\npadding:0px 0px 0px 0px;\n}\n<\/style>\n<div  class='flex_column av-11dl2-0523331618d6ee3315d75812d5d36976 av_one_full  avia-builder-el-2  el_before_av_one_full  avia-builder-el-first  first flex_column_div av-zero-column-padding avia-full-stretch  '     ><style type=\"text\/css\" data-created_by=\"avia_inline_auto\" id=\"style-css-av-6i97l2-70a5e5e755f7d282031661b23d097832\">\n#top .av_textblock_section.av-6i97l2-70a5e5e755f7d282031661b23d097832 .avia_textblock{\nfont-size:17px;\n}\n<\/style>\n<section  class='av_textblock_section av-6i97l2-70a5e5e755f7d282031661b23d097832 '   itemscope=\"itemscope\" itemtype=\"https:\/\/schema.org\/CreativeWork\" ><div class='avia_textblock av_inherit_color'  itemprop=\"text\" ><h2 style=\"text-align: center\"><span style=\"font-size: 36pt\"><strong>Contacter robert<span style=\"color: #e52f32\">.<\/span>b :<\/strong><\/span><\/h2>\n<\/div><\/section><\/div>\n<style type=\"text\/css\" data-created_by=\"avia_inline_auto\" id=\"style-css-av-1828ue-975c86a7436d903bab2efdaa27d1b80a\">\n#top .flex_column.av-1828ue-975c86a7436d903bab2efdaa27d1b80a{\nmargin-top:0px;\nmargin-bottom:0px;\n}\n.flex_column.av-1828ue-975c86a7436d903bab2efdaa27d1b80a{\nborder-radius:0px 0px 0px 0px;\npadding:10px 10px 10px 10px;\n}\n.responsive #top #wrap_all .flex_column.av-1828ue-975c86a7436d903bab2efdaa27d1b80a{\nmargin-top:0px;\nmargin-bottom:0px;\n}\n<\/style>\n<div  class='flex_column av-1828ue-975c86a7436d903bab2efdaa27d1b80a av_one_full  avia-builder-el-4  el_after_av_one_full  avia-builder-el-last  first flex_column_div  column-top-margin'     ><form action=\"https:\/\/tech-my.biz\/robert-b\/contact-experts-evolution-avocats\/\" method=\"post\" data-fields-with-error=\"Erreurs trouv\u00e9es dans les champs suivants :\" class=\"avia_ajax_form av-form-labels-visible   avia-builder-el-5  avia-builder-el-no-sibling   \" data-avia-form-id=\"1\" data-avia-redirect='' ><fieldset><p class='  first_form  form_element form_fullwidth' id='element_avia_1_1'><label for=\"avia_1_1\">Nom <abbr class=\"required\" title=\"requis(e)\">*<\/abbr><\/label> <input name=\"avia_1_1\" class=\"text_input is_empty\" type=\"text\" id=\"avia_1_1\" value=\"\" \/><\/p><p class='  first_form  form_element form_fullwidth' id='element_avia_2_1'><label for=\"avia_2_1\">Courriel <abbr class=\"required\" title=\"requis(e)\">*<\/abbr><\/label> <input name=\"avia_2_1\" class=\"text_input is_email\" type=\"text\" id=\"avia_2_1\" value=\"\" \/><\/p><p class='  first_form  form_element form_fullwidth' id='element_avia_3_1'><label for=\"avia_3_1\">T\u00e9l\u00e9phone<\/label> <input name=\"avia_3_1\" class=\"text_input \" type=\"text\" id=\"avia_3_1\" value=\"\" \/><\/p><p class='  first_form  form_element form_fullwidth' id='element_avia_4_1'><label for=\"avia_4_1\" class=\"textare_label hidden textare_label_avia_4_1\">Message <abbr class=\"required\" title=\"requis(e)\">*<\/abbr><\/label><textarea  name=\"avia_4_1\" class=\"text_area is_empty\" cols=\"40\" rows=\"7\" id=\"avia_4_1\" ><\/textarea><\/p><p class=\"hidden\"><input type=\"text\" name=\"avia_5_1\" class=\"hidden \" id=\"avia_5_1\" value=\"\" \/><\/p><div id='avia_6_1' class='av-recaptcha-area  first_form  form_element form_fullwidth av-last-visible-form-element '  data-container_class=\"\" data-custom_class=\"\" data-context=\"av_contact_form\" data-token_input=\"av_recaptcha_token\" data-version=\"avia_recaptcha_v3\" data-theme=\"light\" data-size=\"normal\" data-score=\"0.5\" data-text_to_preview=\"\" data-value=\"\"><div class=\"av-google-badge-message hidden\">Ce site est prot\u00e9g\u00e9 par reCAPTCHA et la <a href=\"https:\/\/policies.google.com\/privacy\" target=\"_blank\" rel=\"noopener noreferrer\">Politique de Confidentialit\u00e9<\/a> de Google et <a href=\"https:\/\/policies.google.com\/terms\" target=\"_blank\" rel=\"noopener noreferrer\">leur conditions d\u2019utilisation<\/a> s\u2019appliquent.<\/div><\/div><p class=' av_form_privacy_check av_contact_privacy_check first_form  form_element form_fullwidth' id='element_avia_7_1'><input  name=\"avia_7_1\" class=\"input_checkbox is_empty\" type=\"checkbox\" id=\"avia_7_1\" value=\"true\"\/><label class=\"input_checkbox_label\" for=\"avia_7_1\">J\u2019ai lu et accepte la <a href='https:\/\/tech-my.biz\/robert-b\/politique-de-confidentialite\/' target='_blank'>Politique de Confidentialit\u00e9<\/a> du site <abbr class=\"required\" title=\"requis(e)\">*<\/abbr><\/label><\/p><p class=\"form_element \"><input type=\"hidden\" value=\"1\" name=\"avia_generated_form1\" \/><input type=\"submit\" value=\"ENVOYER\" class=\"button\"  data-sending-label=\"Envoi\"\/><\/p><\/fieldset><div class=\"avia-disabled-form\">Ce formulaire est d\u00e9sactiv\u00e9 dans la mesure o\u00f9 vous refusez d\u2019accepter le service Google reCAPTCHA n\u00e9cessaire pour valider toute exp\u00e9dition de message depuis celui-ci.<\/div><\/form><div id=\"ajaxresponse_1\" class=\"ajaxresponse ajaxresponse_1 hidden\"><\/div><\/div>\n","protected":false},"excerpt":{"rendered":"","protected":false},"author":6,"featured_media":2142,"parent":0,"menu_order":0,"comment_status":"closed","ping_status":"closed","template":"","meta":{"footnotes":""},"class_list":["post-1348","page","type-page","status-publish","has-post-thumbnail","hentry"],"yoast_head":"<!-- This site is optimized with the Yoast SEO plugin v27.4 - https:\/\/yoast.com\/product\/yoast-seo-wordpress\/ -->\n<title>Contact, Equipe &amp; Partenaires - robert.b<\/title>\n<meta name=\"description\" content=\"robert.b aide les avocats \u00e0 optimiser et simplifier leur activit\u00e9. R\u00e9ussissez votre transition num\u00e9rique avec la bonne strat\u00e9gie !\" \/>\n<meta name=\"robots\" content=\"index, follow, max-snippet:-1, max-image-preview:large, max-video-preview:-1\" \/>\n<link rel=\"canonical\" href=\"https:\/\/tech-my.biz\/robert-b\/contact-experts-evolution-avocats\/\" \/>\n<meta property=\"og:locale\" content=\"fr_FR\" \/>\n<meta property=\"og:type\" content=\"article\" \/>\n<meta property=\"og:title\" content=\"Contact, Equipe &amp; Partenaires - robert.b\" \/>\n<meta property=\"og:description\" content=\"robert.b aide les avocats \u00e0 optimiser et simplifier leur activit\u00e9. R\u00e9ussissez votre transition num\u00e9rique avec la bonne strat\u00e9gie !\" \/>\n<meta property=\"og:url\" content=\"https:\/\/tech-my.biz\/robert-b\/contact-experts-evolution-avocats\/\" \/>\n<meta property=\"og:site_name\" content=\"robert.b\" \/>\n<meta property=\"og:image\" content=\"http:\/\/tech-my.biz\/robert-b\/wp-content\/uploads\/sites\/28\/2021\/10\/robertb.jpg\" \/>\n\t<meta property=\"og:image:width\" content=\"2048\" \/>\n\t<meta property=\"og:image:height\" content=\"1208\" \/>\n\t<meta property=\"og:image:type\" content=\"image\/jpeg\" \/>\n<meta name=\"twitter:card\" content=\"summary_large_image\" \/>\n<meta name=\"twitter:label1\" content=\"Dur\u00e9e de lecture estim\u00e9e\" \/>\n\t<meta name=\"twitter:data1\" content=\"4 minutes\" \/>\n<script type=\"application\/ld+json\" class=\"yoast-schema-graph\">{\"@context\":\"https:\\\/\\\/schema.org\",\"@graph\":[{\"@type\":\"WebPage\",\"@id\":\"https:\\\/\\\/tech-my.biz\\\/robert-b\\\/contact-experts-evolution-avocats\\\/\",\"url\":\"https:\\\/\\\/tech-my.biz\\\/robert-b\\\/contact-experts-evolution-avocats\\\/\",\"name\":\"Contact, Equipe & Partenaires - robert.b\",\"isPartOf\":{\"@id\":\"https:\\\/\\\/tech-my.biz\\\/robert-b\\\/#website\"},\"primaryImageOfPage\":{\"@id\":\"https:\\\/\\\/tech-my.biz\\\/robert-b\\\/contact-experts-evolution-avocats\\\/#primaryimage\"},\"image\":{\"@id\":\"https:\\\/\\\/tech-my.biz\\\/robert-b\\\/contact-experts-evolution-avocats\\\/#primaryimage\"},\"thumbnailUrl\":\"https:\\\/\\\/tech-my.biz\\\/robert-b\\\/wp-content\\\/uploads\\\/sites\\\/28\\\/2021\\\/10\\\/robertb.jpg\",\"datePublished\":\"2019-04-11T20:36:00+00:00\",\"description\":\"robert.b aide les avocats \u00e0 optimiser et simplifier leur activit\u00e9. R\u00e9ussissez votre transition num\u00e9rique avec la bonne strat\u00e9gie !\",\"breadcrumb\":{\"@id\":\"https:\\\/\\\/tech-my.biz\\\/robert-b\\\/contact-experts-evolution-avocats\\\/#breadcrumb\"},\"inLanguage\":\"fr-FR\",\"potentialAction\":[{\"@type\":\"ReadAction\",\"target\":[\"https:\\\/\\\/tech-my.biz\\\/robert-b\\\/contact-experts-evolution-avocats\\\/\"]}]},{\"@type\":\"ImageObject\",\"inLanguage\":\"fr-FR\",\"@id\":\"https:\\\/\\\/tech-my.biz\\\/robert-b\\\/contact-experts-evolution-avocats\\\/#primaryimage\",\"url\":\"https:\\\/\\\/tech-my.biz\\\/robert-b\\\/wp-content\\\/uploads\\\/sites\\\/28\\\/2021\\\/10\\\/robertb.jpg\",\"contentUrl\":\"https:\\\/\\\/tech-my.biz\\\/robert-b\\\/wp-content\\\/uploads\\\/sites\\\/28\\\/2021\\\/10\\\/robertb.jpg\",\"width\":2048,\"height\":1208},{\"@type\":\"BreadcrumbList\",\"@id\":\"https:\\\/\\\/tech-my.biz\\\/robert-b\\\/contact-experts-evolution-avocats\\\/#breadcrumb\",\"itemListElement\":[{\"@type\":\"ListItem\",\"position\":1,\"name\":\"Accueil\",\"item\":\"https:\\\/\\\/tech-my.biz\\\/robert-b\\\/\"},{\"@type\":\"ListItem\",\"position\":2,\"name\":\"Contact\"}]},{\"@type\":\"WebSite\",\"@id\":\"https:\\\/\\\/tech-my.biz\\\/robert-b\\\/#website\",\"url\":\"https:\\\/\\\/tech-my.biz\\\/robert-b\\\/\",\"name\":\"robert.b\",\"description\":\"Le futur, aujourd&#039;hui, pour des Avocats toujours pr\u00e9sents demain\",\"publisher\":{\"@id\":\"https:\\\/\\\/tech-my.biz\\\/robert-b\\\/#organization\"},\"potentialAction\":[{\"@type\":\"SearchAction\",\"target\":{\"@type\":\"EntryPoint\",\"urlTemplate\":\"https:\\\/\\\/tech-my.biz\\\/robert-b\\\/?s={search_term_string}\"},\"query-input\":{\"@type\":\"PropertyValueSpecification\",\"valueRequired\":true,\"valueName\":\"search_term_string\"}}],\"inLanguage\":\"fr-FR\"},{\"@type\":\"Organization\",\"@id\":\"https:\\\/\\\/tech-my.biz\\\/robert-b\\\/#organization\",\"name\":\"robert.b\",\"url\":\"https:\\\/\\\/tech-my.biz\\\/robert-b\\\/\",\"logo\":{\"@type\":\"ImageObject\",\"inLanguage\":\"fr-FR\",\"@id\":\"https:\\\/\\\/tech-my.biz\\\/robert-b\\\/#\\\/schema\\\/logo\\\/image\\\/\",\"url\":\"https:\\\/\\\/tech-my.biz\\\/robert-b\\\/wp-content\\\/uploads\\\/sites\\\/28\\\/2019\\\/10\\\/logo-robert-b-cabinets-avocats.png\",\"contentUrl\":\"https:\\\/\\\/tech-my.biz\\\/robert-b\\\/wp-content\\\/uploads\\\/sites\\\/28\\\/2019\\\/10\\\/logo-robert-b-cabinets-avocats.png\",\"width\":500,\"height\":194,\"caption\":\"robert.b\"},\"image\":{\"@id\":\"https:\\\/\\\/tech-my.biz\\\/robert-b\\\/#\\\/schema\\\/logo\\\/image\\\/\"}}]}<\/script>\n<!-- \/ Yoast SEO plugin. -->","yoast_head_json":{"title":"Contact, Equipe & Partenaires - robert.b","description":"robert.b aide les avocats \u00e0 optimiser et simplifier leur activit\u00e9. R\u00e9ussissez votre transition num\u00e9rique avec la bonne strat\u00e9gie !","robots":{"index":"index","follow":"follow","max-snippet":"max-snippet:-1","max-image-preview":"max-image-preview:large","max-video-preview":"max-video-preview:-1"},"canonical":"https:\/\/tech-my.biz\/robert-b\/contact-experts-evolution-avocats\/","og_locale":"fr_FR","og_type":"article","og_title":"Contact, Equipe & Partenaires - robert.b","og_description":"robert.b aide les avocats \u00e0 optimiser et simplifier leur activit\u00e9. R\u00e9ussissez votre transition num\u00e9rique avec la bonne strat\u00e9gie !","og_url":"https:\/\/tech-my.biz\/robert-b\/contact-experts-evolution-avocats\/","og_site_name":"robert.b","og_image":[{"width":2048,"height":1208,"url":"http:\/\/tech-my.biz\/robert-b\/wp-content\/uploads\/sites\/28\/2021\/10\/robertb.jpg","type":"image\/jpeg"}],"twitter_card":"summary_large_image","twitter_misc":{"Dur\u00e9e de lecture estim\u00e9e":"4 minutes"},"schema":{"@context":"https:\/\/schema.org","@graph":[{"@type":"WebPage","@id":"https:\/\/tech-my.biz\/robert-b\/contact-experts-evolution-avocats\/","url":"https:\/\/tech-my.biz\/robert-b\/contact-experts-evolution-avocats\/","name":"Contact, Equipe & Partenaires - robert.b","isPartOf":{"@id":"https:\/\/tech-my.biz\/robert-b\/#website"},"primaryImageOfPage":{"@id":"https:\/\/tech-my.biz\/robert-b\/contact-experts-evolution-avocats\/#primaryimage"},"image":{"@id":"https:\/\/tech-my.biz\/robert-b\/contact-experts-evolution-avocats\/#primaryimage"},"thumbnailUrl":"https:\/\/tech-my.biz\/robert-b\/wp-content\/uploads\/sites\/28\/2021\/10\/robertb.jpg","datePublished":"2019-04-11T20:36:00+00:00","description":"robert.b aide les avocats \u00e0 optimiser et simplifier leur activit\u00e9. R\u00e9ussissez votre transition num\u00e9rique avec la bonne strat\u00e9gie !","breadcrumb":{"@id":"https:\/\/tech-my.biz\/robert-b\/contact-experts-evolution-avocats\/#breadcrumb"},"inLanguage":"fr-FR","potentialAction":[{"@type":"ReadAction","target":["https:\/\/tech-my.biz\/robert-b\/contact-experts-evolution-avocats\/"]}]},{"@type":"ImageObject","inLanguage":"fr-FR","@id":"https:\/\/tech-my.biz\/robert-b\/contact-experts-evolution-avocats\/#primaryimage","url":"https:\/\/tech-my.biz\/robert-b\/wp-content\/uploads\/sites\/28\/2021\/10\/robertb.jpg","contentUrl":"https:\/\/tech-my.biz\/robert-b\/wp-content\/uploads\/sites\/28\/2021\/10\/robertb.jpg","width":2048,"height":1208},{"@type":"BreadcrumbList","@id":"https:\/\/tech-my.biz\/robert-b\/contact-experts-evolution-avocats\/#breadcrumb","itemListElement":[{"@type":"ListItem","position":1,"name":"Accueil","item":"https:\/\/tech-my.biz\/robert-b\/"},{"@type":"ListItem","position":2,"name":"Contact"}]},{"@type":"WebSite","@id":"https:\/\/tech-my.biz\/robert-b\/#website","url":"https:\/\/tech-my.biz\/robert-b\/","name":"robert.b","description":"Le futur, aujourd&#039;hui, pour des Avocats toujours pr\u00e9sents demain","publisher":{"@id":"https:\/\/tech-my.biz\/robert-b\/#organization"},"potentialAction":[{"@type":"SearchAction","target":{"@type":"EntryPoint","urlTemplate":"https:\/\/tech-my.biz\/robert-b\/?s={search_term_string}"},"query-input":{"@type":"PropertyValueSpecification","valueRequired":true,"valueName":"search_term_string"}}],"inLanguage":"fr-FR"},{"@type":"Organization","@id":"https:\/\/tech-my.biz\/robert-b\/#organization","name":"robert.b","url":"https:\/\/tech-my.biz\/robert-b\/","logo":{"@type":"ImageObject","inLanguage":"fr-FR","@id":"https:\/\/tech-my.biz\/robert-b\/#\/schema\/logo\/image\/","url":"https:\/\/tech-my.biz\/robert-b\/wp-content\/uploads\/sites\/28\/2019\/10\/logo-robert-b-cabinets-avocats.png","contentUrl":"https:\/\/tech-my.biz\/robert-b\/wp-content\/uploads\/sites\/28\/2019\/10\/logo-robert-b-cabinets-avocats.png","width":500,"height":194,"caption":"robert.b"},"image":{"@id":"https:\/\/tech-my.biz\/robert-b\/#\/schema\/logo\/image\/"}}]}},"_links":{"self":[{"href":"https:\/\/tech-my.biz\/robert-b\/wp-json\/wp\/v2\/pages\/1348","targetHints":{"allow":["GET"]}}],"collection":[{"href":"https:\/\/tech-my.biz\/robert-b\/wp-json\/wp\/v2\/pages"}],"about":[{"href":"https:\/\/tech-my.biz\/robert-b\/wp-json\/wp\/v2\/types\/page"}],"author":[{"embeddable":true,"href":"https:\/\/tech-my.biz\/robert-b\/wp-json\/wp\/v2\/users\/6"}],"replies":[{"embeddable":true,"href":"https:\/\/tech-my.biz\/robert-b\/wp-json\/wp\/v2\/comments?post=1348"}],"version-history":[{"count":1,"href":"https:\/\/tech-my.biz\/robert-b\/wp-json\/wp\/v2\/pages\/1348\/revisions"}],"predecessor-version":[{"id":2166,"href":"https:\/\/tech-my.biz\/robert-b\/wp-json\/wp\/v2\/pages\/1348\/revisions\/2166"}],"wp:featuredmedia":[{"embeddable":true,"href":"https:\/\/tech-my.biz\/robert-b\/wp-json\/wp\/v2\/media\/2142"}],"wp:attachment":[{"href":"https:\/\/tech-my.biz\/robert-b\/wp-json\/wp\/v2\/media?parent=1348"}],"curies":[{"name":"wp","href":"https:\/\/api.w.org\/{rel}","templated":true}]}}