{"id":2081,"date":"2021-08-22T20:47:45","date_gmt":"2021-08-22T18:47:45","guid":{"rendered":"https:\/\/tech-my.biz\/demo-robertb\/?page_id=2081"},"modified":"2021-08-22T20:47:45","modified_gmt":"2021-08-22T18:47:45","slug":"maintenance-externalisee-site-web","status":"publish","type":"page","link":"https:\/\/tech-my.biz\/robert-b\/realisations\/maintenance-externalisee-site-web\/","title":{"rendered":"Et si vous externalisiez la maintenance de votre site Web ?"},"content":{"rendered":"\n<style type=\"text\/css\" data-created_by=\"avia_inline_auto\" id=\"style-css-av-dyegpt-c31998081ff9d08a58b64aede78a65c9\">\n.avia-section.av-dyegpt-c31998081ff9d08a58b64aede78a65c9{\nbackground-color:#ffffff;\nbackground-image:unset;\n}\n<\/style>\n<div id='av_section_1'  class='avia-section av-dyegpt-c31998081ff9d08a58b64aede78a65c9 main_color avia-section-default avia-no-border-styling  avia-builder-el-0  el_before_av_button_big  avia-builder-el-first  avia-bg-style-fixed av-minimum-height av-minimum-height-100 av-height-100  container_wrap fullsize'   data-av_minimum_height_pc='100' data-av_min_height_opt='100'><div class='container av-section-cont-open' ><main  role=\"main\" itemprop=\"mainContentOfPage\"  class='template-page content  av-content-full alpha units'><div class='post-entry post-entry-type-page post-entry-2081'><div class='entry-content-wrapper clearfix'>\n\n<style type=\"text\/css\" data-created_by=\"avia_inline_auto\" id=\"style-css-av-czq6g1-50052182de3e90cd57831cb92f922d83\">\n#top .hr.hr-invisible.av-czq6g1-50052182de3e90cd57831cb92f922d83{\nheight:15px;\n}\n<\/style>\n<div  class='hr av-czq6g1-50052182de3e90cd57831cb92f922d83 hr-invisible  avia-builder-el-1  el_before_av_one_full  avia-builder-el-first  av-desktop-hide av-medium-hide'><span class='hr-inner '><span class=\"hr-inner-style\"><\/span><\/span><\/div>\n<div class='flex_column_table av-b8c5o1-ee711df36a2bf6b67e6b7a7b02c54417 sc-av_one_full av-equal-height-column-flextable'>\n<style type=\"text\/css\" data-created_by=\"avia_inline_auto\" id=\"style-css-av-b8c5o1-ee711df36a2bf6b67e6b7a7b02c54417\">\n.flex_column.av-b8c5o1-ee711df36a2bf6b67e6b7a7b02c54417{\nborder-radius:0px 0px 0px 0px;\npadding:0px 0px 0px 0px;\n}\n<\/style>\n<div  class='flex_column av-b8c5o1-ee711df36a2bf6b67e6b7a7b02c54417 av_one_full  avia-builder-el-2  el_after_av_hr  el_before_av_one_half  first flex_column_table_cell av-equal-height-column av-align-top av-animated-generic top-to-bottom av-zero-column-padding  '     ><style type=\"text\/css\" data-created_by=\"avia_inline_auto\" id=\"style-css-av-ksnjswbq-4852c783555e3e5005c249d45412dcc9\">\n#top .av-special-heading.av-ksnjswbq-4852c783555e3e5005c249d45412dcc9{\npadding-bottom:0;\nfont-size:35px;\n}\nbody .av-special-heading.av-ksnjswbq-4852c783555e3e5005c249d45412dcc9 .av-special-heading-tag .heading-char{\nfont-size:25px;\n}\n#top #wrap_all .av-special-heading.av-ksnjswbq-4852c783555e3e5005c249d45412dcc9 .av-special-heading-tag{\nfont-size:35px;\n}\n.av-special-heading.av-ksnjswbq-4852c783555e3e5005c249d45412dcc9 .av-subheading{\nfont-size:15px;\n}\n\n@media only screen and (min-width: 768px) and (max-width: 989px){ \n#top #wrap_all .av-special-heading.av-ksnjswbq-4852c783555e3e5005c249d45412dcc9 .av-special-heading-tag{\nfont-size:32px;\n}\n}\n\n@media only screen and (min-width: 480px) and (max-width: 767px){ \n#top #wrap_all .av-special-heading.av-ksnjswbq-4852c783555e3e5005c249d45412dcc9 .av-special-heading-tag{\nfont-size:28px;\n}\n}\n\n@media only screen and (max-width: 479px){ \n#top #wrap_all .av-special-heading.av-ksnjswbq-4852c783555e3e5005c249d45412dcc9 .av-special-heading-tag{\nfont-size:25px;\n}\n.av-special-heading.av-ksnjswbq-4852c783555e3e5005c249d45412dcc9 .av-subheading{\nfont-size:30px;\n}\n}\n<\/style>\n<div  class='av-special-heading av-ksnjswbq-4852c783555e3e5005c249d45412dcc9 av-special-heading-h2 blockquote modern-quote modern-centered  avia-builder-el-3  avia-builder-el-no-sibling  av-thin-font av-inherit-size av-linked-heading'><h2 class='av-special-heading-tag '  itemprop=\"headline\"  ><strong>Et si vous externalisiez la maintenance de votre site Web ?<\/strong><\/h2><div class=\"special-heading-border\"><div class=\"special-heading-inner-border\"><\/div><\/div><\/div><\/div><\/div><!--close column table wrapper. Autoclose: 1 --><div class='flex_column_table av-96ejrl-6318508550b5ca86ebc0131d28c28bd6 sc-av_one_half av-equal-height-column-flextable'>\n<style type=\"text\/css\" data-created_by=\"avia_inline_auto\" id=\"style-css-av-96ejrl-6318508550b5ca86ebc0131d28c28bd6\">\n.flex_column.av-96ejrl-6318508550b5ca86ebc0131d28c28bd6{\nborder-radius:0px 0px 0px 0px;\npadding:0px 0px 0px 0px;\n}\n<\/style>\n<div  class='flex_column av-96ejrl-6318508550b5ca86ebc0131d28c28bd6 av_one_half  avia-builder-el-4  el_after_av_one_full  el_before_av_one_half  first flex_column_table_cell av-equal-height-column av-align-middle av-zero-column-padding  column-top-margin'     ><p>\n<style type=\"text\/css\" data-created_by=\"avia_inline_auto\" id=\"style-css-av-ksnjy490-bb7af42ae5d246741b7d3a3fdaf22d81\">\n.avia-image-container.av-ksnjy490-bb7af42ae5d246741b7d3a3fdaf22d81 img.avia_image{\nbox-shadow:none;\n}\n.avia-image-container.av-ksnjy490-bb7af42ae5d246741b7d3a3fdaf22d81 .av-image-caption-overlay-center{\ncolor:#ffffff;\n}\n<\/style>\n<div  class='avia-image-container av-ksnjy490-bb7af42ae5d246741b7d3a3fdaf22d81 av-styling- avia-align-center  avia-builder-el-5  el_before_av_textblock  avia-builder-el-first  av-desktop-hide av-medium-hide'   itemprop=\"image\" itemscope=\"itemscope\" itemtype=\"https:\/\/schema.org\/ImageObject\" ><div class=\"avia-image-container-inner\"><div class=\"avia-image-overlay-wrap\"><img decoding=\"async\" fetchpriority=\"high\" class='wp-image-2082 avia-img-lazy-loading-not-2082 avia_image ' src=\"https:\/\/tech-my.biz\/robert-b\/wp-content\/uploads\/sites\/28\/2021\/08\/maintenance-2.jpg\" alt='' title='maintenance-2'  height=\"533\" width=\"800\"  itemprop=\"thumbnailUrl\" srcset=\"https:\/\/tech-my.biz\/robert-b\/wp-content\/uploads\/sites\/28\/2021\/08\/maintenance-2.jpg 800w, https:\/\/tech-my.biz\/robert-b\/wp-content\/uploads\/sites\/28\/2021\/08\/maintenance-2-300x200.jpg 300w, https:\/\/tech-my.biz\/robert-b\/wp-content\/uploads\/sites\/28\/2021\/08\/maintenance-2-768x512.jpg 768w, https:\/\/tech-my.biz\/robert-b\/wp-content\/uploads\/sites\/28\/2021\/08\/maintenance-2-705x470.jpg 705w\" sizes=\"(max-width: 800px) 100vw, 800px\" \/><\/div><\/div><\/div><br \/>\n\n<style type=\"text\/css\" data-created_by=\"avia_inline_auto\" id=\"style-css-av-ksnkbzt4-6197e34d3fef520f7c328b51c22bfa36\">\n#top .av_textblock_section.av-ksnkbzt4-6197e34d3fef520f7c328b51c22bfa36 .avia_textblock{\nfont-size:16px;\n}\n<\/style>\n<section  class='av_textblock_section av-ksnkbzt4-6197e34d3fef520f7c328b51c22bfa36 '   itemscope=\"itemscope\" itemtype=\"https:\/\/schema.org\/CreativeWork\" ><div class='avia_textblock'  itemprop=\"text\" ><h2 style=\"text-align: justify\"><span style=\"font-size: 15pt\"><b><span style=\"color: #000000\">Pourquoi est-il n\u00e9cessaire de r\u00e9aliser la maintenance de son site Web ?<\/span><\/b><\/span><\/h2>\n<p>Un site Web est un outil technique complexe n\u00e9cessitant une attention minutieuse, tant au niveau technique que graphique.<\/p>\n<p>La moindre mise \u00e0 jour de norme de code, \u00e9volution de l&rsquo;algorithme des moteurs de recherche (ex : Google) ou \u00e9volution de votre Syst\u00e8me de Gestion de Contenus(ex : WordPress), ou de votre th\u00e8me (ex : Enfold) doit \u00eatre r\u00e9alis\u00e9e dans les meilleurs d\u00e9lais afin d&rsquo;assurer la p\u00e9rennit\u00e9 de votre site Web et le moindre piratage.<\/p>\n<p>Par ailleurs, des Syst\u00e8me de Gestion de Contenus tels que WordPress utilisent de nombreuses extensions telles que Yoast SEO (pour votre r\u00e9f\u00e9rencement naturel), Wordfence (anti-virus), etc. Ces logiciels ind\u00e9pendants n\u00e9cessitent eux aussi d&rsquo;\u00eatre mis \u00e0 jour r\u00e9guli\u00e8rement pour assurer la bonne sant\u00e9 de votre site Web.<\/p>\n<\/div><\/section><\/p><\/div><div class='av-flex-placeholder'><\/div>\n<style type=\"text\/css\" data-created_by=\"avia_inline_auto\" id=\"style-css-av-7a0p81-69e51fbab5b0062b1ff698a95b4278fe\">\n.flex_column.av-7a0p81-69e51fbab5b0062b1ff698a95b4278fe{\nborder-radius:0px 0px 0px 0px;\npadding:0px 0px 0px 0px;\n}\n<\/style>\n<div  class='flex_column av-7a0p81-69e51fbab5b0062b1ff698a95b4278fe av_one_half  avia-builder-el-7  el_after_av_one_half  el_before_av_one_half  flex_column_table_cell av-equal-height-column av-align-middle av-animated-generic top-to-bottom av-hide-on-mobile av-zero-column-padding  column-top-margin'     ><style type=\"text\/css\" data-created_by=\"avia_inline_auto\" id=\"style-css-av-ksnjy9ac-ce05a65de080070207ee1fd7fa3a167e\">\n.avia-image-container.av-ksnjy9ac-ce05a65de080070207ee1fd7fa3a167e img.avia_image{\nbox-shadow:none;\n}\n.avia-image-container.av-ksnjy9ac-ce05a65de080070207ee1fd7fa3a167e .av-image-caption-overlay-center{\ncolor:#ffffff;\n}\n<\/style>\n<div  class='avia-image-container av-ksnjy9ac-ce05a65de080070207ee1fd7fa3a167e av-styling- avia-align-center  avia-builder-el-8  avia-builder-el-no-sibling '   itemprop=\"image\" itemscope=\"itemscope\" itemtype=\"https:\/\/schema.org\/ImageObject\" ><div class=\"avia-image-container-inner\"><div class=\"avia-image-overlay-wrap\"><img decoding=\"async\" fetchpriority=\"high\" class='wp-image-2082 avia-img-lazy-loading-not-2082 avia_image ' src=\"https:\/\/tech-my.biz\/robert-b\/wp-content\/uploads\/sites\/28\/2021\/08\/maintenance-2.jpg\" alt='' title='maintenance-2'  height=\"533\" width=\"800\"  itemprop=\"thumbnailUrl\" srcset=\"https:\/\/tech-my.biz\/robert-b\/wp-content\/uploads\/sites\/28\/2021\/08\/maintenance-2.jpg 800w, https:\/\/tech-my.biz\/robert-b\/wp-content\/uploads\/sites\/28\/2021\/08\/maintenance-2-300x200.jpg 300w, https:\/\/tech-my.biz\/robert-b\/wp-content\/uploads\/sites\/28\/2021\/08\/maintenance-2-768x512.jpg 768w, https:\/\/tech-my.biz\/robert-b\/wp-content\/uploads\/sites\/28\/2021\/08\/maintenance-2-705x470.jpg 705w\" sizes=\"(max-width: 800px) 100vw, 800px\" \/><\/div><\/div><\/div><\/div><\/div><!--close column table wrapper. Autoclose: 1 --><div class='flex_column_table av-6m45a9-e1729a7577a7b087e2ac5cd03ee7dccf sc-av_one_half av-equal-height-column-flextable'>\n<style type=\"text\/css\" data-created_by=\"avia_inline_auto\" id=\"style-css-av-6m45a9-e1729a7577a7b087e2ac5cd03ee7dccf\">\n.flex_column.av-6m45a9-e1729a7577a7b087e2ac5cd03ee7dccf{\nborder-radius:0px 0px 0px 0px;\npadding:0px 0px 0px 0px;\n}\n<\/style>\n<div  class='flex_column av-6m45a9-e1729a7577a7b087e2ac5cd03ee7dccf av_one_half  avia-builder-el-9  el_after_av_one_half  el_before_av_one_half  first flex_column_table_cell av-equal-height-column av-align-middle av-animated-generic top-to-bottom av-zero-column-padding  column-top-margin'     ><style type=\"text\/css\" data-created_by=\"avia_inline_auto\" id=\"style-css-av-ksnjyn4y-6d62ec91af7c9019b3ab94acb88431ad\">\n.avia-image-container.av-ksnjyn4y-6d62ec91af7c9019b3ab94acb88431ad img.avia_image{\nbox-shadow:none;\n}\n.avia-image-container.av-ksnjyn4y-6d62ec91af7c9019b3ab94acb88431ad .av-image-caption-overlay-center{\ncolor:#ffffff;\n}\n<\/style>\n<div  class='avia-image-container av-ksnjyn4y-6d62ec91af7c9019b3ab94acb88431ad av-styling- avia-align-center  avia-builder-el-10  avia-builder-el-no-sibling '   itemprop=\"image\" itemscope=\"itemscope\" itemtype=\"https:\/\/schema.org\/ImageObject\" ><div class=\"avia-image-container-inner\"><div class=\"avia-image-overlay-wrap\"><img decoding=\"async\" fetchpriority=\"high\" class='wp-image-2083 avia-img-lazy-loading-not-2083 avia_image ' src=\"https:\/\/tech-my.biz\/robert-b\/wp-content\/uploads\/sites\/28\/2021\/08\/maintenance-1.jpg\" alt='' title='maintenance-1'  height=\"533\" width=\"800\"  itemprop=\"thumbnailUrl\" srcset=\"https:\/\/tech-my.biz\/robert-b\/wp-content\/uploads\/sites\/28\/2021\/08\/maintenance-1.jpg 800w, https:\/\/tech-my.biz\/robert-b\/wp-content\/uploads\/sites\/28\/2021\/08\/maintenance-1-300x200.jpg 300w, https:\/\/tech-my.biz\/robert-b\/wp-content\/uploads\/sites\/28\/2021\/08\/maintenance-1-768x512.jpg 768w, https:\/\/tech-my.biz\/robert-b\/wp-content\/uploads\/sites\/28\/2021\/08\/maintenance-1-705x470.jpg 705w\" sizes=\"(max-width: 800px) 100vw, 800px\" \/><\/div><\/div><\/div><\/div><div class='av-flex-placeholder'><\/div>\n<style type=\"text\/css\" data-created_by=\"avia_inline_auto\" id=\"style-css-av-4snr1d-360fd7d8085f3070b0d4c6aa29a80727\">\n.flex_column.av-4snr1d-360fd7d8085f3070b0d4c6aa29a80727{\nborder-radius:0px 0px 0px 0px;\npadding:0px 0px 0px 0px;\n}\n<\/style>\n<div  class='flex_column av-4snr1d-360fd7d8085f3070b0d4c6aa29a80727 av_one_half  avia-builder-el-11  el_after_av_one_half  avia-builder-el-last  flex_column_table_cell av-equal-height-column av-align-middle av-zero-column-padding  column-top-margin'     ><style type=\"text\/css\" data-created_by=\"avia_inline_auto\" id=\"style-css-av-399d75-8c657edbe5dceb04d113d84a04ce3c83\">\n#top .av_textblock_section.av-399d75-8c657edbe5dceb04d113d84a04ce3c83 .avia_textblock{\nfont-size:16px;\n}\n<\/style>\n<section  class='av_textblock_section av-399d75-8c657edbe5dceb04d113d84a04ce3c83 '   itemscope=\"itemscope\" itemtype=\"https:\/\/schema.org\/CreativeWork\" ><div class='avia_textblock'  itemprop=\"text\" ><h2 style=\"text-align: right\"><span style=\"font-size: 15pt\"><b><span style=\"color: #000000\">Que propose robert.b pour la maintenance de votre site Web ?<\/span><\/b><\/span><\/h2>\n<p style=\"text-align: right\">l&rsquo;\u00e9quipe robert.b vous propose une solution externalis\u00e9e mensualis\u00e9e. On s&rsquo;occupe de tout et vous n&rsquo;avez donc rien \u00e0 faire. Voici la liste non exhaustive des missions r\u00e9alis\u00e9es dans ce cadre :<br \/>\nMises \u00e0 jour de WordPress<br \/>\nMises \u00e0 jour de votre th\u00e8me<br \/>\nMises \u00e0 jour de vos extensions<br \/>\nMises \u00e0 jour techniques (code)<br \/>\nRecherche de solution en cas de probl\u00e8me<\/p>\n<\/div><\/section><\/div><\/div><!--close column table wrapper. Autoclose: 1 --><div  class='avia-button-wrap avia-button-center  avia-builder-el-13  el_after_av_section  avia-builder-el-last '>\n<style type=\"text\/css\" data-created_by=\"avia_inline_auto\" id=\"style-css-av-ksnk1z8a-f8bcf6260366c45d294e8dd6370060c7\">\n#top #wrap_all .avia-button.av-ksnk1z8a-f8bcf6260366c45d294e8dd6370060c7:hover{\ncolor:white;\ntransition:all 0.4s ease-in-out;\n}\n#top #wrap_all .avia-button.av-ksnk1z8a-f8bcf6260366c45d294e8dd6370060c7:hover .avia-svg-icon svg:first-child{\nfill:white;\nstroke:white;\n}\n<\/style>\n<a href='https:\/\/tech-my.biz\/robert-b\/contact-experts-evolution-avocats\/' class='avia-color-theme-color avia-font-color-theme-color avia-button avia-button-fullwidth av-ksnk1z8a-f8bcf6260366c45d294e8dd6370060c7 avia-icon_select-yes-left-icon avia-color-theme-color'   aria-label=\"Vous souhaitez que nous r\u00e9alisions la maintenance de votre site Web ? Contactez-nous en cliquant ici !\"><span class='avia_button_icon avia_button_icon_left avia-iconfont avia-font-entypo-fontello' data-av_icon='\ue805' data-av_iconfont='entypo-fontello' ><\/span><span class='avia_iconbox_title' >Vous souhaitez que nous r\u00e9alisions la maintenance de votre site Web ? Contactez-nous en cliquant ici !<\/span><span class='avia_button_background avia-button avia-button-fullwidth avia-color-theme-color-highlight'><\/span><\/a><\/div><\/p>\n","protected":false},"excerpt":{"rendered":"","protected":false},"author":6,"featured_media":2142,"parent":1064,"menu_order":0,"comment_status":"closed","ping_status":"closed","template":"","meta":{"footnotes":""},"class_list":["post-2081","page","type-page","status-publish","has-post-thumbnail","hentry"],"yoast_head":"<!-- This site is optimized with the Yoast SEO plugin v27.4 - https:\/\/yoast.com\/product\/yoast-seo-wordpress\/ -->\n<title>Et si vous externalisiez la maintenance de votre site Web ? - robert.b<\/title>\n<meta name=\"description\" content=\"Vous souhaitez que nous r\u00e9alisions la maintenance de votre site Web ? Contactez robert-b en cliquant ici !\" \/>\n<meta name=\"robots\" content=\"index, follow, max-snippet:-1, max-image-preview:large, max-video-preview:-1\" \/>\n<link rel=\"canonical\" href=\"https:\/\/tech-my.biz\/robert-b\/realisations\/maintenance-externalisee-site-web\/\" \/>\n<meta property=\"og:locale\" content=\"fr_FR\" \/>\n<meta property=\"og:type\" content=\"article\" \/>\n<meta property=\"og:title\" content=\"Et si vous externalisiez la maintenance de votre site Web ? - robert.b\" \/>\n<meta property=\"og:description\" content=\"Vous souhaitez que nous r\u00e9alisions la maintenance de votre site Web ? Contactez robert-b en cliquant ici !\" \/>\n<meta property=\"og:url\" content=\"https:\/\/tech-my.biz\/robert-b\/realisations\/maintenance-externalisee-site-web\/\" \/>\n<meta property=\"og:site_name\" content=\"robert.b\" \/>\n<meta property=\"og:image\" content=\"http:\/\/tech-my.biz\/robert-b\/wp-content\/uploads\/sites\/28\/2021\/10\/robertb.jpg\" \/>\n\t<meta property=\"og:image:width\" content=\"2048\" \/>\n\t<meta property=\"og:image:height\" content=\"1208\" \/>\n\t<meta property=\"og:image:type\" content=\"image\/jpeg\" \/>\n<meta name=\"twitter:card\" content=\"summary_large_image\" \/>\n<meta name=\"twitter:label1\" content=\"Dur\u00e9e de lecture estim\u00e9e\" \/>\n\t<meta name=\"twitter:data1\" content=\"4 minutes\" \/>\n<script type=\"application\/ld+json\" class=\"yoast-schema-graph\">{\"@context\":\"https:\\\/\\\/schema.org\",\"@graph\":[{\"@type\":\"WebPage\",\"@id\":\"https:\\\/\\\/tech-my.biz\\\/robert-b\\\/realisations\\\/maintenance-externalisee-site-web\\\/\",\"url\":\"https:\\\/\\\/tech-my.biz\\\/robert-b\\\/realisations\\\/maintenance-externalisee-site-web\\\/\",\"name\":\"Et si vous externalisiez la maintenance de votre site Web ? - robert.b\",\"isPartOf\":{\"@id\":\"https:\\\/\\\/tech-my.biz\\\/robert-b\\\/#website\"},\"primaryImageOfPage\":{\"@id\":\"https:\\\/\\\/tech-my.biz\\\/robert-b\\\/realisations\\\/maintenance-externalisee-site-web\\\/#primaryimage\"},\"image\":{\"@id\":\"https:\\\/\\\/tech-my.biz\\\/robert-b\\\/realisations\\\/maintenance-externalisee-site-web\\\/#primaryimage\"},\"thumbnailUrl\":\"https:\\\/\\\/tech-my.biz\\\/robert-b\\\/wp-content\\\/uploads\\\/sites\\\/28\\\/2021\\\/10\\\/robertb.jpg\",\"datePublished\":\"2021-08-22T18:47:45+00:00\",\"description\":\"Vous souhaitez que nous r\u00e9alisions la maintenance de votre site Web ? Contactez robert-b en cliquant ici !\",\"breadcrumb\":{\"@id\":\"https:\\\/\\\/tech-my.biz\\\/robert-b\\\/realisations\\\/maintenance-externalisee-site-web\\\/#breadcrumb\"},\"inLanguage\":\"fr-FR\",\"potentialAction\":[{\"@type\":\"ReadAction\",\"target\":[\"https:\\\/\\\/tech-my.biz\\\/robert-b\\\/realisations\\\/maintenance-externalisee-site-web\\\/\"]}]},{\"@type\":\"ImageObject\",\"inLanguage\":\"fr-FR\",\"@id\":\"https:\\\/\\\/tech-my.biz\\\/robert-b\\\/realisations\\\/maintenance-externalisee-site-web\\\/#primaryimage\",\"url\":\"https:\\\/\\\/tech-my.biz\\\/robert-b\\\/wp-content\\\/uploads\\\/sites\\\/28\\\/2021\\\/10\\\/robertb.jpg\",\"contentUrl\":\"https:\\\/\\\/tech-my.biz\\\/robert-b\\\/wp-content\\\/uploads\\\/sites\\\/28\\\/2021\\\/10\\\/robertb.jpg\",\"width\":2048,\"height\":1208},{\"@type\":\"BreadcrumbList\",\"@id\":\"https:\\\/\\\/tech-my.biz\\\/robert-b\\\/realisations\\\/maintenance-externalisee-site-web\\\/#breadcrumb\",\"itemListElement\":[{\"@type\":\"ListItem\",\"position\":1,\"name\":\"Accueil\",\"item\":\"https:\\\/\\\/tech-my.biz\\\/robert-b\\\/\"},{\"@type\":\"ListItem\",\"position\":2,\"name\":\"R\u00e9alisations\",\"item\":\"https:\\\/\\\/tech-my.biz\\\/robert-b\\\/realisations\\\/\"},{\"@type\":\"ListItem\",\"position\":3,\"name\":\"Et si vous externalisiez la maintenance de votre site Web ?\"}]},{\"@type\":\"WebSite\",\"@id\":\"https:\\\/\\\/tech-my.biz\\\/robert-b\\\/#website\",\"url\":\"https:\\\/\\\/tech-my.biz\\\/robert-b\\\/\",\"name\":\"robert.b\",\"description\":\"Le futur, aujourd&#039;hui, pour des Avocats toujours pr\u00e9sents demain\",\"publisher\":{\"@id\":\"https:\\\/\\\/tech-my.biz\\\/robert-b\\\/#organization\"},\"potentialAction\":[{\"@type\":\"SearchAction\",\"target\":{\"@type\":\"EntryPoint\",\"urlTemplate\":\"https:\\\/\\\/tech-my.biz\\\/robert-b\\\/?s={search_term_string}\"},\"query-input\":{\"@type\":\"PropertyValueSpecification\",\"valueRequired\":true,\"valueName\":\"search_term_string\"}}],\"inLanguage\":\"fr-FR\"},{\"@type\":\"Organization\",\"@id\":\"https:\\\/\\\/tech-my.biz\\\/robert-b\\\/#organization\",\"name\":\"robert.b\",\"url\":\"https:\\\/\\\/tech-my.biz\\\/robert-b\\\/\",\"logo\":{\"@type\":\"ImageObject\",\"inLanguage\":\"fr-FR\",\"@id\":\"https:\\\/\\\/tech-my.biz\\\/robert-b\\\/#\\\/schema\\\/logo\\\/image\\\/\",\"url\":\"https:\\\/\\\/tech-my.biz\\\/robert-b\\\/wp-content\\\/uploads\\\/sites\\\/28\\\/2019\\\/10\\\/logo-robert-b-cabinets-avocats.png\",\"contentUrl\":\"https:\\\/\\\/tech-my.biz\\\/robert-b\\\/wp-content\\\/uploads\\\/sites\\\/28\\\/2019\\\/10\\\/logo-robert-b-cabinets-avocats.png\",\"width\":500,\"height\":194,\"caption\":\"robert.b\"},\"image\":{\"@id\":\"https:\\\/\\\/tech-my.biz\\\/robert-b\\\/#\\\/schema\\\/logo\\\/image\\\/\"}}]}<\/script>\n<!-- \/ Yoast SEO plugin. -->","yoast_head_json":{"title":"Et si vous externalisiez la maintenance de votre site Web ? - robert.b","description":"Vous souhaitez que nous r\u00e9alisions la maintenance de votre site Web ? Contactez robert-b en cliquant ici !","robots":{"index":"index","follow":"follow","max-snippet":"max-snippet:-1","max-image-preview":"max-image-preview:large","max-video-preview":"max-video-preview:-1"},"canonical":"https:\/\/tech-my.biz\/robert-b\/realisations\/maintenance-externalisee-site-web\/","og_locale":"fr_FR","og_type":"article","og_title":"Et si vous externalisiez la maintenance de votre site Web ? - robert.b","og_description":"Vous souhaitez que nous r\u00e9alisions la maintenance de votre site Web ? Contactez robert-b en cliquant ici !","og_url":"https:\/\/tech-my.biz\/robert-b\/realisations\/maintenance-externalisee-site-web\/","og_site_name":"robert.b","og_image":[{"width":2048,"height":1208,"url":"http:\/\/tech-my.biz\/robert-b\/wp-content\/uploads\/sites\/28\/2021\/10\/robertb.jpg","type":"image\/jpeg"}],"twitter_card":"summary_large_image","twitter_misc":{"Dur\u00e9e de lecture estim\u00e9e":"4 minutes"},"schema":{"@context":"https:\/\/schema.org","@graph":[{"@type":"WebPage","@id":"https:\/\/tech-my.biz\/robert-b\/realisations\/maintenance-externalisee-site-web\/","url":"https:\/\/tech-my.biz\/robert-b\/realisations\/maintenance-externalisee-site-web\/","name":"Et si vous externalisiez la maintenance de votre site Web ? - robert.b","isPartOf":{"@id":"https:\/\/tech-my.biz\/robert-b\/#website"},"primaryImageOfPage":{"@id":"https:\/\/tech-my.biz\/robert-b\/realisations\/maintenance-externalisee-site-web\/#primaryimage"},"image":{"@id":"https:\/\/tech-my.biz\/robert-b\/realisations\/maintenance-externalisee-site-web\/#primaryimage"},"thumbnailUrl":"https:\/\/tech-my.biz\/robert-b\/wp-content\/uploads\/sites\/28\/2021\/10\/robertb.jpg","datePublished":"2021-08-22T18:47:45+00:00","description":"Vous souhaitez que nous r\u00e9alisions la maintenance de votre site Web ? Contactez robert-b en cliquant ici !","breadcrumb":{"@id":"https:\/\/tech-my.biz\/robert-b\/realisations\/maintenance-externalisee-site-web\/#breadcrumb"},"inLanguage":"fr-FR","potentialAction":[{"@type":"ReadAction","target":["https:\/\/tech-my.biz\/robert-b\/realisations\/maintenance-externalisee-site-web\/"]}]},{"@type":"ImageObject","inLanguage":"fr-FR","@id":"https:\/\/tech-my.biz\/robert-b\/realisations\/maintenance-externalisee-site-web\/#primaryimage","url":"https:\/\/tech-my.biz\/robert-b\/wp-content\/uploads\/sites\/28\/2021\/10\/robertb.jpg","contentUrl":"https:\/\/tech-my.biz\/robert-b\/wp-content\/uploads\/sites\/28\/2021\/10\/robertb.jpg","width":2048,"height":1208},{"@type":"BreadcrumbList","@id":"https:\/\/tech-my.biz\/robert-b\/realisations\/maintenance-externalisee-site-web\/#breadcrumb","itemListElement":[{"@type":"ListItem","position":1,"name":"Accueil","item":"https:\/\/tech-my.biz\/robert-b\/"},{"@type":"ListItem","position":2,"name":"R\u00e9alisations","item":"https:\/\/tech-my.biz\/robert-b\/realisations\/"},{"@type":"ListItem","position":3,"name":"Et si vous externalisiez la maintenance de votre site Web ?"}]},{"@type":"WebSite","@id":"https:\/\/tech-my.biz\/robert-b\/#website","url":"https:\/\/tech-my.biz\/robert-b\/","name":"robert.b","description":"Le futur, aujourd&#039;hui, pour des Avocats toujours pr\u00e9sents demain","publisher":{"@id":"https:\/\/tech-my.biz\/robert-b\/#organization"},"potentialAction":[{"@type":"SearchAction","target":{"@type":"EntryPoint","urlTemplate":"https:\/\/tech-my.biz\/robert-b\/?s={search_term_string}"},"query-input":{"@type":"PropertyValueSpecification","valueRequired":true,"valueName":"search_term_string"}}],"inLanguage":"fr-FR"},{"@type":"Organization","@id":"https:\/\/tech-my.biz\/robert-b\/#organization","name":"robert.b","url":"https:\/\/tech-my.biz\/robert-b\/","logo":{"@type":"ImageObject","inLanguage":"fr-FR","@id":"https:\/\/tech-my.biz\/robert-b\/#\/schema\/logo\/image\/","url":"https:\/\/tech-my.biz\/robert-b\/wp-content\/uploads\/sites\/28\/2019\/10\/logo-robert-b-cabinets-avocats.png","contentUrl":"https:\/\/tech-my.biz\/robert-b\/wp-content\/uploads\/sites\/28\/2019\/10\/logo-robert-b-cabinets-avocats.png","width":500,"height":194,"caption":"robert.b"},"image":{"@id":"https:\/\/tech-my.biz\/robert-b\/#\/schema\/logo\/image\/"}}]}},"_links":{"self":[{"href":"https:\/\/tech-my.biz\/robert-b\/wp-json\/wp\/v2\/pages\/2081","targetHints":{"allow":["GET"]}}],"collection":[{"href":"https:\/\/tech-my.biz\/robert-b\/wp-json\/wp\/v2\/pages"}],"about":[{"href":"https:\/\/tech-my.biz\/robert-b\/wp-json\/wp\/v2\/types\/page"}],"author":[{"embeddable":true,"href":"https:\/\/tech-my.biz\/robert-b\/wp-json\/wp\/v2\/users\/6"}],"replies":[{"embeddable":true,"href":"https:\/\/tech-my.biz\/robert-b\/wp-json\/wp\/v2\/comments?post=2081"}],"version-history":[{"count":0,"href":"https:\/\/tech-my.biz\/robert-b\/wp-json\/wp\/v2\/pages\/2081\/revisions"}],"up":[{"embeddable":true,"href":"https:\/\/tech-my.biz\/robert-b\/wp-json\/wp\/v2\/pages\/1064"}],"wp:featuredmedia":[{"embeddable":true,"href":"https:\/\/tech-my.biz\/robert-b\/wp-json\/wp\/v2\/media\/2142"}],"wp:attachment":[{"href":"https:\/\/tech-my.biz\/robert-b\/wp-json\/wp\/v2\/media?parent=2081"}],"curies":[{"name":"wp","href":"https:\/\/api.w.org\/{rel}","templated":true}]}}